{"id":6,"date":"2015-12-14T17:14:58","date_gmt":"2015-12-14T16:14:58","guid":{"rendered":"http:\/\/neu.sulzbach-main-umgehung.de\/?page_id=6"},"modified":"2015-12-14T17:14:58","modified_gmt":"2015-12-14T16:14:58","slug":"ziel-argumente","status":"publish","type":"page","link":"https:\/\/www.sulzbach-main-umgehung.de\/index.php\/ziel-argumente\/","title":{"rendered":"Ziel \/ Argumente"},"content":{"rendered":"<p>Das Naturschutzgebiet <b>\u201eSulzbacher Mainaue\u201c<\/b> beherbergt eines der letzten echten Auwaldrelikte &#8211; Breite Ufergeh\u00f6lzs\u00e4ume, vorgelagerte Buhnenfelder sowie extensiv genutzte Gr\u00fcnlandfl\u00e4chen und Streuobstgebiete. Ziel des Schutzes ist die Erhaltung dieser Lebensr\u00e4ume und R\u00fcckzugsbereiche f\u00fcr kennzeichnende Lebensgemeinschaften der urspr\u00fcnglichen Flussaue sowie die Entwicklung von Auenwaldbest\u00e4nden.<\/p>\n<p><i><b>&#8211; Landschaft sch\u00fctzen und erhalten<br \/>\n&#8211; KEINE ortsnahe Nord-S\u00fcd Tangente <\/b><\/i><\/p>\n<p><b>Welchen Preis hat diese Umgehungsvariante f\u00fcr Sulzbach:<\/b><\/p>\n<p>&#8211; Mehr L\u00e4rm<br \/>\n&#8211; Mehr Schadstoffe<br \/>\n&#8211; Gest\u00f6rte Wohn- und Erholungsqualit\u00e4t<br \/>\n&#8211; Umwelt- und Naturzerst\u00f6rung<br \/>\n&#8211; Verschwendung von \u00f6ffentlichen Geldern<br \/>\n&#8211; Wertminderung von Wohnraum<br \/>\n&#8211; Unternehmen sind gef\u00e4hrdet<\/p>\n<p><b><br \/>\nEs muss doch vern\u00fcnftigere L\u00f6sungen f\u00fcr Sulzbach geben und diese m\u00fcssen auf &#8222;gleicher Augenh\u00f6he&#8220; gepr\u00fcft und bewertet werden!<\/b><\/p>\n","protected":false},"excerpt":{"rendered":"<p>Das Naturschutzgebiet \u201eSulzbacher Mainaue\u201c beherbergt eines der letzten echten Auwaldrelikte &#8211; Breite Ufergeh\u00f6lzs\u00e4ume, vorgelagerte Buhnenfelder sowie extensiv genutzte Gr\u00fcnlandfl\u00e4chen und Streuobstgebiete. Ziel des Schutzes ist die Erhaltung dieser Lebensr\u00e4ume und R\u00fcckzugsbereiche f\u00fcr kennzeichnende Lebensgemeinschaften der urspr\u00fcnglichen Flussaue sowie die Entwicklung&hellip; <br \/><a class=\"read-more-button\" href=\"https:\/\/www.sulzbach-main-umgehung.de\/index.php\/ziel-argumente\/\">Mehr Lesen<\/a><\/p>\n","protected":false},"author":1,"featured_media":0,"parent":0,"menu_order":1,"comment_status":"closed","ping_status":"closed","template":"","meta":{"footnotes":""},"_links":{"self":[{"href":"https:\/\/www.sulzbach-main-umgehung.de\/index.php\/wp-json\/wp\/v2\/pages\/6"}],"collection":[{"href":"https:\/\/www.sulzbach-main-umgehung.de\/index.php\/wp-json\/wp\/v2\/pages"}],"about":[{"href":"https:\/\/www.sulzbach-main-umgehung.de\/index.php\/wp-json\/wp\/v2\/types\/page"}],"author":[{"embeddable":true,"href":"https:\/\/www.sulzbach-main-umgehung.de\/index.php\/wp-json\/wp\/v2\/users\/1"}],"replies":[{"embeddable":true,"href":"https:\/\/www.sulzbach-main-umgehung.de\/index.php\/wp-json\/wp\/v2\/comments?post=6"}],"version-history":[{"count":1,"href":"https:\/\/www.sulzbach-main-umgehung.de\/index.php\/wp-json\/wp\/v2\/pages\/6\/revisions"}],"predecessor-version":[{"id":7,"href":"https:\/\/www.sulzbach-main-umgehung.de\/index.php\/wp-json\/wp\/v2\/pages\/6\/revisions\/7"}],"wp:attachment":[{"href":"https:\/\/www.sulzbach-main-umgehung.de\/index.php\/wp-json\/wp\/v2\/media?parent=6"}],"curies":[{"name":"wp","href":"https:\/\/api.w.org\/{rel}","templated":true}]}}