{"id":2,"date":"2015-12-14T17:07:32","date_gmt":"2015-12-14T16:07:32","guid":{"rendered":"http:\/\/neu.sulzbach-main-umgehung.de\/?page_id=2"},"modified":"2025-08-03T10:44:04","modified_gmt":"2025-08-03T08:44:04","slug":"beispiel-seite","status":"publish","type":"page","link":"https:\/\/www.sulzbach-main-umgehung.de\/","title":{"rendered":"Home"},"content":{"rendered":"<p style=\"text-align: center;\" align=\"center\"><span style=\"font-size: small;\"><b>Willkommen auf der Homepage der B\u00fcrger-Initiative Lebenswertes Sulzbach<br \/>\nErhalt der Mainaue &#8211; Keine Nord-S\u00fcd-Umgehung\u00a0 \u00a0 \u00a0<\/b><\/span><\/p>\n<p style=\"text-align: center;\" align=\"center\"><span style=\"font-size: small;\"><b>wor\u00fcber wir sprechen und worum es geht &#8230;..<\/b><br \/>\n<\/span><\/p>\n<p style=\"text-align: center;\" align=\"center\"><iframe loading=\"lazy\" title=\"\" src=\"https:\/\/www.youtube.com\/embed\/Jls7ooIV_Bo\" width=\"560\" height=\"315\" frameborder=\"0\" allowfullscreen=\"allowfullscreen\"><br \/>\nPowered by <a href=\"https:\/\/youtubeembedcode.com\">how to embed a youtube video<\/a> and <a href=\"\u201chttps:\/\/lasvegaspatiens.se\/&quot;\">las vegas (patiens)<\/a><\/iframe><\/p>\n<ul>\n<li>Auf Grund des Beschlusses der Mehrheit der Marktr\u00e4tinnen und Marktr\u00e4te von CSU und SPD, die <b><u>Nord-S\u00fcd \u2013Umgehung<\/u><\/b> so schnell wie m\u00f6glich voran zutreiben, hat sich eine Gruppeunabh\u00e4ngig denkender B\u00fcrger aus Sulzbach gebildet.<\/li>\n<li>Wir m\u00f6chten die schwerwiegenden Konsequenzen sowie die Widerspr\u00fcchlichkeit dieses Beschlusses aufzeigen. Jede <b><u>B\u00fcrgerin und jeder B\u00fcrger<\/u><\/b>\u00a0von Sulzbach wird auf Dauer unter diesem Beschluss zu leiden haben.<\/li>\n<li>Sie, die <b>m\u00fcndigen B\u00fcrger von Sulzbach<\/b>, wollen wir durch sachliche Informationen in die Lage versetzen, sich selbst, \u00fcber die Zusammenh\u00e4nge und die daraus entstehenden Folgen der<u> <\/u><b><u>Nord-S\u00fcd-Umgehung<\/u><\/b>, unvoreingenommen, ein Bild zu machen.<\/li>\n<li>Wir, als B\u00fcrgerinitiative, sind immer offen f\u00fcr interessierte und engagierte Mitb\u00fcrger, die sich f\u00fcr die Anliegen einer <b><u>wirksamen<\/u><\/b> Verkehrsentlastung des Marktes Sulzbach und eine damit verbunden Weiterentwicklung der Gemeinde, sowie der Erhalt unserer einmaligen Mainauen, einsetzen.<\/li>\n<li>Nutzen Sie die Chance, bringen Sie Ihre Meinung und Ihr Interesse mit ein und gestalten so die Zukunft von Sulzbach mit.<\/li>\n<\/ul>\n","protected":false},"excerpt":{"rendered":"<p>Willkommen auf der Homepage der B\u00fcrger-Initiative Lebenswertes Sulzbach Erhalt der Mainaue &#8211; Keine Nord-S\u00fcd-Umgehung\u00a0 \u00a0 \u00a0 wor\u00fcber wir sprechen und worum es geht &#8230;.. Powered by how to embed a youtube video and las vegas (patiens) Auf Grund des Beschlusses&hellip; <br \/><a class=\"read-more-button\" href=\"https:\/\/www.sulzbach-main-umgehung.de\/\">Mehr Lesen<\/a><\/p>\n","protected":false},"author":1,"featured_media":0,"parent":0,"menu_order":0,"comment_status":"closed","ping_status":"open","template":"","meta":{"footnotes":""},"_links":{"self":[{"href":"https:\/\/www.sulzbach-main-umgehung.de\/index.php\/wp-json\/wp\/v2\/pages\/2"}],"collection":[{"href":"https:\/\/www.sulzbach-main-umgehung.de\/index.php\/wp-json\/wp\/v2\/pages"}],"about":[{"href":"https:\/\/www.sulzbach-main-umgehung.de\/index.php\/wp-json\/wp\/v2\/types\/page"}],"author":[{"embeddable":true,"href":"https:\/\/www.sulzbach-main-umgehung.de\/index.php\/wp-json\/wp\/v2\/users\/1"}],"replies":[{"embeddable":true,"href":"https:\/\/www.sulzbach-main-umgehung.de\/index.php\/wp-json\/wp\/v2\/comments?post=2"}],"version-history":[{"count":9,"href":"https:\/\/www.sulzbach-main-umgehung.de\/index.php\/wp-json\/wp\/v2\/pages\/2\/revisions"}],"predecessor-version":[{"id":1547,"href":"https:\/\/www.sulzbach-main-umgehung.de\/index.php\/wp-json\/wp\/v2\/pages\/2\/revisions\/1547"}],"wp:attachment":[{"href":"https:\/\/www.sulzbach-main-umgehung.de\/index.php\/wp-json\/wp\/v2\/media?parent=2"}],"curies":[{"name":"wp","href":"https:\/\/api.w.org\/{rel}","templated":true}]}}